{"id":475,"date":"2022-03-07T11:27:01","date_gmt":"2022-03-07T10:27:01","guid":{"rendered":"http:\/\/cs21nextnet.cz\/data-networks\/"},"modified":"2025-04-22T12:31:31","modified_gmt":"2025-04-22T10:31:31","slug":"data-networks","status":"publish","type":"page","link":"https:\/\/cs21nextnet.cz\/en\/data-networks\/","title":{"rendered":"Data networks"},"content":{"rendered":"<div class=\"fusion-fullwidth fullwidth-box fusion-builder-row-1 fusion-flex-container nonhundred-percent-fullwidth non-hundred-percent-height-scrolling\" style=\"--awb-border-radius-top-left:0px;--awb-border-radius-top-right:0px;--awb-border-radius-bottom-right:0px;--awb-border-radius-bottom-left:0px;--awb-padding-top:5rem;--awb-padding-bottom:3.75rem;--awb-flex-wrap:wrap;\" ><div class=\"fusion-builder-row fusion-row fusion-flex-align-items-stretch fusion-flex-justify-content-flex-end fusion-flex-content-wrap\" style=\"max-width:1248px;margin-left: calc(-4% \/ 2 );margin-right: calc(-4% \/ 2 );\"><div class=\"fusion-layout-column fusion_builder_column fusion-builder-column-0 fusion_builder_column_1_2 1_2 fusion-flex-column fusion-animated\" style=\"--awb-bg-size:cover;--awb-width-large:50%;--awb-margin-top-large:0px;--awb-spacing-right-large:3.84%;--awb-margin-bottom-large:20px;--awb-spacing-left-large:3.84%;--awb-width-medium:50%;--awb-order-medium:0;--awb-spacing-right-medium:3.84%;--awb-spacing-left-medium:3.84%;--awb-width-small:100%;--awb-order-small:0;--awb-spacing-right-small:1.92%;--awb-spacing-left-small:1.92%;\" data-animationType=\"fadeInLeft\" data-animationDuration=\"0.6\" data-animationOffset=\"top-into-view\"><div class=\"fusion-column-wrapper fusion-column-has-shadow fusion-flex-justify-content-center fusion-content-layout-column\"><div class=\"fusion-text fusion-text-1\" style=\"--awb-text-transform:none;\"><p>To fully exploit the business potential, today&#8217;s companies need to have a functional and reliable data infrastructure. Stable data transmission is extremely important for the effective performance of the client&#8217;s work activities.<\/p>\n<p>We know how big a problem a poorly functioning computer network can be for a company and how serious the consequences can be in the event of an outage. We use this knowledge and experience to solve the modernization of existing or design new computer networks for our clients.<\/p>\n<p>In order for the computer network to fully meet the client&#8217;s needs, we use various types of solutions and their combinations within one network (for example, a combination of a fixed network and a Wi-Fi network in areas where it is not possible to place the data cable \u2013 historical buildings, places with poor accessibility). We are thus able to design both a small simple network and a topologically complex and large network, for example in an industrial environment.<\/p>\n<\/div><\/div><\/div><div class=\"fusion-layout-column fusion_builder_column fusion-builder-column-1 fusion_builder_column_1_2 1_2 fusion-flex-column\" style=\"--awb-bg-size:cover;--awb-width-large:50%;--awb-margin-top-large:0px;--awb-spacing-right-large:3.84%;--awb-margin-bottom-large:20px;--awb-spacing-left-large:3.84%;--awb-width-medium:50%;--awb-order-medium:0;--awb-spacing-right-medium:3.84%;--awb-spacing-left-medium:3.84%;--awb-width-small:100%;--awb-order-small:0;--awb-spacing-right-small:1.92%;--awb-spacing-left-small:1.92%;\" id=\"o-nas-box\"><div class=\"fusion-column-wrapper fusion-column-has-shadow fusion-flex-justify-content-center fusion-content-layout-column\"><div class=\"fusion-image-element \" style=\"--awb-caption-title-font-family:var(--h2_typography-font-family);--awb-caption-title-font-weight:var(--h2_typography-font-weight);--awb-caption-title-font-style:var(--h2_typography-font-style);--awb-caption-title-size:var(--h2_typography-font-size);--awb-caption-title-transform:var(--h2_typography-text-transform);--awb-caption-title-line-height:var(--h2_typography-line-height);--awb-caption-title-letter-spacing:var(--h2_typography-letter-spacing);\"><span class=\" fusion-imageframe imageframe-none imageframe-1 hover-type-none\"><img decoding=\"async\" width=\"1300\" height=\"975\" alt=\"Wi-Fi s\u00edt\u011b\" title=\"datovesite\" src=\"https:\/\/cs21nextnet.cz\/wp-content\/uploads\/2022\/02\/datovesite.jpg\" class=\"img-responsive wp-image-1004\" srcset=\"https:\/\/cs21nextnet.cz\/wp-content\/uploads\/2022\/02\/datovesite-200x150.jpg 200w, https:\/\/cs21nextnet.cz\/wp-content\/uploads\/2022\/02\/datovesite-400x300.jpg 400w, https:\/\/cs21nextnet.cz\/wp-content\/uploads\/2022\/02\/datovesite-600x450.jpg 600w, https:\/\/cs21nextnet.cz\/wp-content\/uploads\/2022\/02\/datovesite-800x600.jpg 800w, https:\/\/cs21nextnet.cz\/wp-content\/uploads\/2022\/02\/datovesite-1200x900.jpg 1200w, https:\/\/cs21nextnet.cz\/wp-content\/uploads\/2022\/02\/datovesite.jpg 1300w\" sizes=\"(max-width: 640px) 100vw, 600px\" \/><\/span><\/div><\/div><\/div><\/div><\/div>\n","protected":false},"excerpt":{"rendered":"","protected":false},"author":4,"featured_media":0,"parent":0,"menu_order":0,"comment_status":"closed","ping_status":"closed","template":"100-width.php","meta":{"footnotes":""},"class_list":["post-475","page","type-page","status-publish","hentry"],"yoast_head":"<!-- This site is optimized with the Yoast SEO plugin v25.2 - https:\/\/yoast.com\/wordpress\/plugins\/seo\/ -->\n<title>Data networks - CS21nextnet s.r.o.<\/title>\n<meta name=\"description\" content=\"Reliable, custom data infrastructure \u2013 we design and modernize computer networks for businesses of all sizes, including complex environments and historical buildings.\" \/>\n<meta name=\"robots\" content=\"index, follow, max-snippet:-1, max-image-preview:large, max-video-preview:-1\" \/>\n<link rel=\"canonical\" href=\"https:\/\/cs21nextnet.cz\/en\/data-networks\/\" \/>\n<meta property=\"og:locale\" content=\"en_US\" \/>\n<meta property=\"og:type\" content=\"article\" \/>\n<meta property=\"og:title\" content=\"Data networks - CS21nextnet s.r.o.\" \/>\n<meta property=\"og:description\" content=\"Reliable, custom data infrastructure \u2013 we design and modernize computer networks for businesses of all sizes, including complex environments and historical buildings.\" \/>\n<meta property=\"og:url\" content=\"https:\/\/cs21nextnet.cz\/en\/data-networks\/\" \/>\n<meta property=\"og:site_name\" content=\"CS21nextnet s.r.o.\" \/>\n<meta property=\"article:modified_time\" content=\"2025-04-22T10:31:31+00:00\" \/>\n<meta name=\"twitter:card\" content=\"summary_large_image\" \/>\n<meta name=\"twitter:label1\" content=\"Est. reading time\" \/>\n\t<meta name=\"twitter:data1\" content=\"7 minutes\" \/>\n<script type=\"application\/ld+json\" class=\"yoast-schema-graph\">{\"@context\":\"https:\/\/schema.org\",\"@graph\":[{\"@type\":\"WebPage\",\"@id\":\"https:\/\/cs21nextnet.cz\/en\/data-networks\/\",\"url\":\"https:\/\/cs21nextnet.cz\/en\/data-networks\/\",\"name\":\"Data networks - CS21nextnet s.r.o.\",\"isPartOf\":{\"@id\":\"https:\/\/cs21nextnet.cz\/en\/#website\"},\"datePublished\":\"2022-03-07T10:27:01+00:00\",\"dateModified\":\"2025-04-22T10:31:31+00:00\",\"description\":\"Reliable, custom data infrastructure \u2013 we design and modernize computer networks for businesses of all sizes, including complex environments and historical buildings.\",\"inLanguage\":\"en-US\",\"potentialAction\":[{\"@type\":\"ReadAction\",\"target\":[\"https:\/\/cs21nextnet.cz\/en\/data-networks\/\"]}]},{\"@type\":\"WebSite\",\"@id\":\"https:\/\/cs21nextnet.cz\/en\/#website\",\"url\":\"https:\/\/cs21nextnet.cz\/en\/\",\"name\":\"CS21nextnet s.r.o.\",\"description\":\"Outsourcing ICT slu\u017eeb, Syst\u00e9mov\u00e9 integrace, Datov\u00e9 s\u00edt\u011b, Prodej software &amp; hardware\",\"potentialAction\":[{\"@type\":\"SearchAction\",\"target\":{\"@type\":\"EntryPoint\",\"urlTemplate\":\"https:\/\/cs21nextnet.cz\/en\/?s={search_term_string}\"},\"query-input\":{\"@type\":\"PropertyValueSpecification\",\"valueRequired\":true,\"valueName\":\"search_term_string\"}}],\"inLanguage\":\"en-US\"}]}<\/script>\n<!-- \/ Yoast SEO plugin. -->","yoast_head_json":{"title":"Data networks - CS21nextnet s.r.o.","description":"Reliable, custom data infrastructure \u2013 we design and modernize computer networks for businesses of all sizes, including complex environments and historical buildings.","robots":{"index":"index","follow":"follow","max-snippet":"max-snippet:-1","max-image-preview":"max-image-preview:large","max-video-preview":"max-video-preview:-1"},"canonical":"https:\/\/cs21nextnet.cz\/en\/data-networks\/","og_locale":"en_US","og_type":"article","og_title":"Data networks - CS21nextnet s.r.o.","og_description":"Reliable, custom data infrastructure \u2013 we design and modernize computer networks for businesses of all sizes, including complex environments and historical buildings.","og_url":"https:\/\/cs21nextnet.cz\/en\/data-networks\/","og_site_name":"CS21nextnet s.r.o.","article_modified_time":"2025-04-22T10:31:31+00:00","twitter_card":"summary_large_image","twitter_misc":{"Est. reading time":"7 minutes"},"schema":{"@context":"https:\/\/schema.org","@graph":[{"@type":"WebPage","@id":"https:\/\/cs21nextnet.cz\/en\/data-networks\/","url":"https:\/\/cs21nextnet.cz\/en\/data-networks\/","name":"Data networks - CS21nextnet s.r.o.","isPartOf":{"@id":"https:\/\/cs21nextnet.cz\/en\/#website"},"datePublished":"2022-03-07T10:27:01+00:00","dateModified":"2025-04-22T10:31:31+00:00","description":"Reliable, custom data infrastructure \u2013 we design and modernize computer networks for businesses of all sizes, including complex environments and historical buildings.","inLanguage":"en-US","potentialAction":[{"@type":"ReadAction","target":["https:\/\/cs21nextnet.cz\/en\/data-networks\/"]}]},{"@type":"WebSite","@id":"https:\/\/cs21nextnet.cz\/en\/#website","url":"https:\/\/cs21nextnet.cz\/en\/","name":"CS21nextnet s.r.o.","description":"Outsourcing ICT slu\u017eeb, Syst\u00e9mov\u00e9 integrace, Datov\u00e9 s\u00edt\u011b, Prodej software &amp; hardware","potentialAction":[{"@type":"SearchAction","target":{"@type":"EntryPoint","urlTemplate":"https:\/\/cs21nextnet.cz\/en\/?s={search_term_string}"},"query-input":{"@type":"PropertyValueSpecification","valueRequired":true,"valueName":"search_term_string"}}],"inLanguage":"en-US"}]}},"_links":{"self":[{"href":"https:\/\/cs21nextnet.cz\/en\/wp-json\/wp\/v2\/pages\/475","targetHints":{"allow":["GET"]}}],"collection":[{"href":"https:\/\/cs21nextnet.cz\/en\/wp-json\/wp\/v2\/pages"}],"about":[{"href":"https:\/\/cs21nextnet.cz\/en\/wp-json\/wp\/v2\/types\/page"}],"author":[{"embeddable":true,"href":"https:\/\/cs21nextnet.cz\/en\/wp-json\/wp\/v2\/users\/4"}],"replies":[{"embeddable":true,"href":"https:\/\/cs21nextnet.cz\/en\/wp-json\/wp\/v2\/comments?post=475"}],"version-history":[{"count":5,"href":"https:\/\/cs21nextnet.cz\/en\/wp-json\/wp\/v2\/pages\/475\/revisions"}],"predecessor-version":[{"id":666,"href":"https:\/\/cs21nextnet.cz\/en\/wp-json\/wp\/v2\/pages\/475\/revisions\/666"}],"wp:attachment":[{"href":"https:\/\/cs21nextnet.cz\/en\/wp-json\/wp\/v2\/media?parent=475"}],"curies":[{"name":"wp","href":"https:\/\/api.w.org\/{rel}","templated":true}]}}