{"id":459,"date":"2022-03-07T11:13:33","date_gmt":"2022-03-07T10:13:33","guid":{"rendered":"http:\/\/cs21nextnet.cz\/outsourcing\/"},"modified":"2022-03-07T11:13:35","modified_gmt":"2022-03-07T10:13:35","slug":"outsourcing","status":"publish","type":"page","link":"https:\/\/cs21nextnet.cz\/en\/outsourcing\/","title":{"rendered":"Outsourcing"},"content":{"rendered":"<p><div class=\"fusion-fullwidth fullwidth-box fusion-builder-row-1 fusion-flex-container nonhundred-percent-fullwidth non-hundred-percent-height-scrolling\" style=\"--awb-border-radius-top-left:0px;--awb-border-radius-top-right:0px;--awb-border-radius-bottom-right:0px;--awb-border-radius-bottom-left:0px;--awb-padding-top:5rem;--awb-padding-bottom:3.75rem;--awb-flex-wrap:wrap;\" ><div class=\"fusion-builder-row fusion-row fusion-flex-align-items-stretch fusion-flex-justify-content-flex-end fusion-flex-content-wrap\" style=\"max-width:1248px;margin-left: calc(-4% \/ 2 );margin-right: calc(-4% \/ 2 );\"><div class=\"fusion-layout-column fusion_builder_column fusion-builder-column-0 fusion_builder_column_1_2 1_2 fusion-flex-column fusion-animated\" style=\"--awb-bg-size:cover;--awb-width-large:50%;--awb-margin-top-large:0px;--awb-spacing-right-large:3.84%;--awb-margin-bottom-large:20px;--awb-spacing-left-large:3.84%;--awb-width-medium:50%;--awb-order-medium:0;--awb-spacing-right-medium:3.84%;--awb-spacing-left-medium:3.84%;--awb-width-small:100%;--awb-order-small:0;--awb-spacing-right-small:1.92%;--awb-spacing-left-small:1.92%;\" data-animationType=\"fadeInLeft\" data-animationDuration=\"0.6\" data-animationOffset=\"top-into-view\"><div class=\"fusion-column-wrapper fusion-column-has-shadow fusion-flex-justify-content-center fusion-content-layout-column\"><div class=\"fusion-text fusion-text-1\" style=\"--awb-text-transform:none;\"><p align=\"justify\"><b>Outsourcing of data network management<\/b>, i.e., comprehensive technical care for IT by an external service provider, has become a generally accepted trend.<\/p>\n<p align=\"justify\">Our clients include companies that have never had their own IT department or companies that have abandoned their own IT department and completely transferred to the management of an external supplier.<\/p>\n<p align=\"justify\">Outsourcing is provided either in full or to the extent according to the client&#8217;s needs.<\/p>\n<p align=\"justify\">We also offer our customers&#8217; internal IT departments our <strong>external support<\/strong>, which they request and need. We solve not only sophisticated projects, but also standard technical work, which, however, exceed the capacity of internal employees due to their time demands.<\/p>\n<\/div><\/div><\/div><div class=\"fusion-layout-column fusion_builder_column fusion-builder-column-1 fusion_builder_column_1_2 1_2 fusion-flex-column\" style=\"--awb-bg-size:cover;--awb-width-large:50%;--awb-margin-top-large:0px;--awb-spacing-right-large:3.84%;--awb-margin-bottom-large:20px;--awb-spacing-left-large:3.84%;--awb-width-medium:50%;--awb-order-medium:0;--awb-spacing-right-medium:3.84%;--awb-spacing-left-medium:3.84%;--awb-width-small:100%;--awb-order-small:0;--awb-spacing-right-small:1.92%;--awb-spacing-left-small:1.92%;\" id=\"o-nas-box\"><div class=\"fusion-column-wrapper fusion-column-has-shadow fusion-flex-justify-content-center fusion-content-layout-column\"><div class=\"fusion-image-element \" style=\"--awb-caption-title-font-family:var(--h2_typography-font-family);--awb-caption-title-font-weight:var(--h2_typography-font-weight);--awb-caption-title-font-style:var(--h2_typography-font-style);--awb-caption-title-size:var(--h2_typography-font-size);--awb-caption-title-transform:var(--h2_typography-text-transform);--awb-caption-title-line-height:var(--h2_typography-line-height);--awb-caption-title-letter-spacing:var(--h2_typography-letter-spacing);\"><span class=\" fusion-imageframe imageframe-none imageframe-1 hover-type-none\"><img decoding=\"async\" width=\"1200\" height=\"896\" alt=\"NEXTNET\" title=\"nextnet\" src=\"https:\/\/cs21nextnet.cz\/wp-content\/uploads\/2022\/01\/nextnet.jpg\" class=\"img-responsive wp-image-584\" srcset=\"https:\/\/cs21nextnet.cz\/wp-content\/uploads\/2022\/01\/nextnet-200x149.jpg 200w, https:\/\/cs21nextnet.cz\/wp-content\/uploads\/2022\/01\/nextnet-400x299.jpg 400w, https:\/\/cs21nextnet.cz\/wp-content\/uploads\/2022\/01\/nextnet-600x448.jpg 600w, https:\/\/cs21nextnet.cz\/wp-content\/uploads\/2022\/01\/nextnet-800x597.jpg 800w, https:\/\/cs21nextnet.cz\/wp-content\/uploads\/2022\/01\/nextnet.jpg 1200w\" sizes=\"(max-width: 640px) 100vw, 600px\" \/><\/span><\/div><\/div><\/div><\/div><\/div><div id=\"advantages\" class=\"fusion-container-anchor\"><div class=\"fusion-bg-parallax\" data-bg-align=\"center center\" data-direction=\"up\" data-mute=\"false\" data-opacity=\"100\" data-velocity=\"-0.3\" data-mobile-enabled=\"false\" data-break_parents=\"0\" data-bg-image=\"https:\/\/cs21nextnet.cz\/wp-content\/uploads\/2022\/01\/cary-1.svg\" data-bg-repeat=\"false\" data-bg-color=\"#f7f7f7\" ><\/div><div class=\"fusion-fullwidth fullwidth-box fusion-builder-row-2 fusion-flex-container fusion-parallax-up gradientBG nonhundred-percent-fullwidth non-hundred-percent-height-scrolling\" style=\"--awb-border-radius-top-left:0px;--awb-border-radius-top-right:0px;--awb-border-radius-bottom-right:0px;--awb-border-radius-bottom-left:0px;--awb-padding-top:5rem;--awb-padding-bottom:3.75rem;--awb-background-color:#f7f7f7;--awb-background-image:url(&quot;https:\/\/cs21nextnet.cz\/wp-content\/uploads\/2022\/01\/cary-1.svg&quot;);--awb-background-size:cover;--awb-flex-wrap:wrap;\" id=\"o-nas\" ><div class=\"fusion-builder-row fusion-row fusion-flex-align-items-flex-start fusion-flex-justify-content-flex-end fusion-flex-content-wrap\" style=\"max-width:1248px;margin-left: calc(-4% \/ 2 );margin-right: calc(-4% \/ 2 );\"><div class=\"fusion-layout-column fusion_builder_column fusion-builder-column-2 fusion_builder_column_1_1 1_1 fusion-flex-column\" style=\"--awb-bg-size:cover;--awb-width-large:100%;--awb-margin-top-large:0px;--awb-spacing-right-large:1.92%;--awb-margin-bottom-large:20px;--awb-spacing-left-large:1.92%;--awb-width-medium:100%;--awb-order-medium:0;--awb-spacing-right-medium:1.92%;--awb-spacing-left-medium:1.92%;--awb-width-small:100%;--awb-order-small:0;--awb-spacing-right-small:1.92%;--awb-spacing-left-small:1.92%;\"><div class=\"fusion-column-wrapper fusion-column-has-shadow fusion-flex-justify-content-flex-start fusion-content-layout-column\"><div class=\"fusion-content-boxes content-boxes columns row fusion-columns-4 fusion-columns-total-4 fusion-content-boxes-1 content-boxes-icon-on-top content-left fusion-delayed-animation\" style=\"--awb-hover-accent-color:#003d79;--awb-circle-hover-accent-color:#003d79;\" id=\"vyhody-box\" data-animation-delay=\"190\" data-animationOffset=\"top-into-view\"><div style=\"--awb-backgroundcolor:rgba(255,255,255,0);\" class=\"fusion-column content-box-column content-box-column content-box-column-1 col-lg-3 col-md-3 col-sm-3 fusion-content-box-hover content-box-column-first-in-row\"><div class=\"col content-box-wrapper content-wrapper link-area-link-icon content-icon-wrapper-yes icon-hover-animation-fade fusion-animated\" data-animationType=\"fadeInLeft\" data-animationDuration=\"0.4\" data-animationOffset=\"top-into-view\"><div class=\"heading heading-with-icon icon-left\"><div aria-hidden=\"true\" class=\"image\"><img decoding=\"async\" src=\"https:\/\/cs21nextnet.cz\/wp-content\/uploads\/2022\/01\/outsourcing.svg\" width=\"512\" height=\"512\" alt=\"\" \/><\/div><h2 class=\"content-box-heading\" style=\"--h2_typography-font-size:24px;line-height:29px;\">Management of the client's computer equipment<\/h2><\/div><div class=\"fusion-clearfix\"><\/div><div class=\"content-container\">\n<p align=\"justify\">Solving all service requirements on the computer equipment of the client&#8217;s employees, whether the need arose as a technical or program defect, or as a result of the unavailability of communication services, or as a problem of user ignorance on the part of the operator.<\/p>\n<\/div><\/div><\/div><div style=\"--awb-backgroundcolor:rgba(255,255,255,0);\" class=\"fusion-column content-box-column content-box-column content-box-column-2 col-lg-3 col-md-3 col-sm-3 fusion-content-box-hover \"><div class=\"col content-box-wrapper content-wrapper link-area-link-icon content-icon-wrapper-yes icon-hover-animation-fade fusion-animated\" data-animationType=\"fadeInLeft\" data-animationDuration=\"0.4\" data-animationOffset=\"top-into-view\"><div class=\"heading heading-with-icon icon-left\"><div aria-hidden=\"true\" class=\"image\"><img decoding=\"async\" src=\"https:\/\/cs21nextnet.cz\/wp-content\/uploads\/2022\/01\/prodej.svg\" width=\"512\" height=\"512\" alt=\"Prodej software &amp; hardware\" \/><\/div><h2 class=\"content-box-heading\" style=\"--h2_typography-font-size:24px;line-height:29px;\">Server administration<\/h2><\/div><div class=\"fusion-clearfix\"><\/div><div class=\"content-container\">\n<p align=\"justify\">Administration and maintenance of the network environment, administration of servers and their repairs and updates of technical and program resources on the servers. Creation and verification of security policy and organization of routine work, such as data backup and archiving, system, application and security SW updates.<\/p>\n<\/div><\/div><\/div><div style=\"--awb-backgroundcolor:rgba(255,255,255,0);\" class=\"fusion-column content-box-column content-box-column content-box-column-3 col-lg-3 col-md-3 col-sm-3 fusion-content-box-hover \"><div class=\"col content-box-wrapper content-wrapper link-area-link-icon content-icon-wrapper-yes icon-hover-animation-fade fusion-animated\" data-animationType=\"fadeInLeft\" data-animationDuration=\"0.4\" data-animationOffset=\"top-into-view\"><div class=\"heading heading-with-icon icon-left\"><div aria-hidden=\"true\" class=\"image\"><img decoding=\"async\" src=\"https:\/\/cs21nextnet.cz\/wp-content\/uploads\/2022\/01\/datove-site.svg\" width=\"512\" height=\"512\" alt=\"Datov\u00e9 s\u00edt\u011b\" \/><\/div><h2 class=\"content-box-heading\" style=\"--h2_typography-font-size:24px;line-height:29px;\">Network infrastructure management<\/h2><\/div><div class=\"fusion-clearfix\"><\/div><div class=\"content-container\">\n<p align=\"justify\">Installation and repair of network infrastructure (cabling, active elements), monitoring, setting and repairing of active network elements, installation and management of firewalls and secure interconnection to public networks and interconnection of local networks.<\/p>\n<\/div><\/div><\/div><div style=\"--awb-backgroundcolor:rgba(255,255,255,0);\" class=\"fusion-column content-box-column content-box-column content-box-column-4 col-lg-3 col-md-3 col-sm-3 fusion-content-box-hover content-box-column-last content-box-column-last-in-row\"><div class=\"col content-box-wrapper content-wrapper link-area-link-icon content-icon-wrapper-yes icon-hover-animation-fade fusion-animated\" data-animationType=\"fadeInLeft\" data-animationDuration=\"0.4\" data-animationOffset=\"top-into-view\"><div class=\"heading heading-with-icon icon-left\"><div aria-hidden=\"true\" class=\"image\"><img decoding=\"async\" src=\"https:\/\/cs21nextnet.cz\/wp-content\/uploads\/2022\/02\/mobily.svg\" width=\"512\" height=\"512\" alt=\"\" \/><\/div><h2 class=\"content-box-heading\" style=\"--h2_typography-font-size:24px;line-height:29px;\">Mobile Device Management<\/h2><\/div><div class=\"fusion-clearfix\"><\/div><div class=\"content-container\">\n<p align=\"justify\">Mobile phones, tablets \u2013 solving service requirements from device setup and operator training to ensuring repair in the event of a breakdown.<\/p>\n<\/div><\/div><\/div><div class=\"fusion-clearfix\"><\/div><\/div><\/div><\/div><\/div><\/div><\/div><div class=\"fusion-fullwidth fullwidth-box fusion-builder-row-3 fusion-flex-container nonhundred-percent-fullwidth non-hundred-percent-height-scrolling\" style=\"--awb-border-radius-top-left:0px;--awb-border-radius-top-right:0px;--awb-border-radius-bottom-right:0px;--awb-border-radius-bottom-left:0px;--awb-padding-top:5rem;--awb-padding-bottom:3.75rem;--awb-background-color:rgb(227 230 232);--awb-flex-wrap:wrap;\" id=\"vyhody\" ><div class=\"fusion-builder-row fusion-row fusion-flex-align-items-flex-start fusion-flex-justify-content-flex-end fusion-flex-content-wrap\" style=\"max-width:1248px;margin-left: calc(-4% \/ 2 );margin-right: calc(-4% \/ 2 );\"><div class=\"fusion-layout-column fusion_builder_column fusion-builder-column-3 fusion_builder_column_1_1 1_1 fusion-flex-column\" style=\"--awb-bg-size:cover;--awb-width-large:100%;--awb-margin-top-large:0px;--awb-spacing-right-large:1.92%;--awb-margin-bottom-large:20px;--awb-spacing-left-large:1.92%;--awb-width-medium:100%;--awb-order-medium:0;--awb-spacing-right-medium:1.92%;--awb-spacing-left-medium:1.92%;--awb-width-small:100%;--awb-order-small:0;--awb-spacing-right-small:1.92%;--awb-spacing-left-small:1.92%;\"><div class=\"fusion-column-wrapper fusion-column-has-shadow fusion-flex-justify-content-flex-start fusion-content-layout-column\">\n<div class=\"table-2\">\n<table width=\"100%\">\n<thead>\n<tr>\n<th align=\"left\">Client Station Management<\/th>\n<th align=\"left\">Server administration<\/th>\n<th align=\"left\">Network infrastructure<\/th>\n<\/tr>\n<\/thead>\n<tbody>\n<tr>\n<td align=\"left\">Installing and monitoring antivirus protection and security policy<\/td>\n<td align=\"left\">Installing and monitoring antivirus protection and security policy<\/td>\n<td align=\"left\">Cabling maintenance<\/td>\n<\/tr>\n<tr>\n<td align=\"left\">Reconfiguration, reinstallation of migration of basic operating systems and application software resources (SW)<\/td>\n<td align=\"left\">Configuration, reconfiguration and reinstallation of basic and application software resources<\/td>\n<td align=\"left\">Monitoring and operation of active elements<\/td>\n<\/tr>\n<tr>\n<td align=\"left\"><\/td>\n<td align=\"left\">Backup and archiving<\/td>\n<td align=\"left\">LAN connection control on public networks (internet)<\/td>\n<\/tr>\n<tr>\n<td align=\"left\">User training in the provider&#8217;s classroom or on site<\/td>\n<td align=\"left\">Continuous monitoring, remote access<\/td>\n<td align=\"left\">Domain management, web hosting<\/td>\n<\/tr>\n<tr>\n<td align=\"left\">Solutions for refilling and replacing cartridges, toners<\/td>\n<td align=\"left\">Management of network resources and services<\/td>\n<td align=\"left\">Setting rules for communication policy and security (loads, firewalls)<\/td>\n<\/tr>\n<tr>\n<td align=\"left\">Technical consultancy, user support<\/td>\n<td align=\"left\">Management of users and user rights<\/td>\n<td align=\"left\">Remote access<\/td>\n<\/tr>\n<tr>\n<td align=\"left\">Installing and monitoring antivirus protection and security policy<\/td>\n<td align=\"left\">Installing and monitoring antivirus protection and security policy<\/td>\n<td align=\"left\">Supervision of compliance with safety rules<\/td>\n<\/tr>\n<\/tbody>\n<\/table>\n<\/div>\n<\/div><\/div><\/div><\/div><\/p>\n","protected":false},"excerpt":{"rendered":"","protected":false},"author":4,"featured_media":0,"parent":0,"menu_order":0,"comment_status":"closed","ping_status":"closed","template":"100-width.php","meta":{"footnotes":""},"class_list":["post-459","page","type-page","status-publish","hentry"],"yoast_head":"<!-- This site is optimized with the Yoast SEO plugin v25.2 - https:\/\/yoast.com\/wordpress\/plugins\/seo\/ -->\n<title>Outsourcing - CS21nextnet s.r.o.<\/title>\n<meta name=\"robots\" content=\"index, follow, max-snippet:-1, max-image-preview:large, max-video-preview:-1\" \/>\n<link rel=\"canonical\" href=\"https:\/\/cs21nextnet.cz\/en\/outsourcing\/\" \/>\n<meta property=\"og:locale\" content=\"en_US\" \/>\n<meta property=\"og:type\" content=\"article\" \/>\n<meta property=\"og:title\" content=\"Outsourcing - CS21nextnet s.r.o.\" \/>\n<meta property=\"og:url\" content=\"https:\/\/cs21nextnet.cz\/en\/outsourcing\/\" \/>\n<meta property=\"og:site_name\" content=\"CS21nextnet s.r.o.\" \/>\n<meta property=\"article:modified_time\" content=\"2022-03-07T10:13:35+00:00\" \/>\n<meta name=\"twitter:card\" content=\"summary_large_image\" \/>\n<meta name=\"twitter:label1\" content=\"Est. reading time\" \/>\n\t<meta name=\"twitter:data1\" content=\"16 minutes\" \/>\n<script type=\"application\/ld+json\" class=\"yoast-schema-graph\">{\"@context\":\"https:\/\/schema.org\",\"@graph\":[{\"@type\":\"WebPage\",\"@id\":\"https:\/\/cs21nextnet.cz\/en\/outsourcing\/\",\"url\":\"https:\/\/cs21nextnet.cz\/en\/outsourcing\/\",\"name\":\"Outsourcing - CS21nextnet s.r.o.\",\"isPartOf\":{\"@id\":\"https:\/\/cs21nextnet.cz\/en\/#website\"},\"datePublished\":\"2022-03-07T10:13:33+00:00\",\"dateModified\":\"2022-03-07T10:13:35+00:00\",\"inLanguage\":\"en-US\",\"potentialAction\":[{\"@type\":\"ReadAction\",\"target\":[\"https:\/\/cs21nextnet.cz\/en\/outsourcing\/\"]}]},{\"@type\":\"WebSite\",\"@id\":\"https:\/\/cs21nextnet.cz\/en\/#website\",\"url\":\"https:\/\/cs21nextnet.cz\/en\/\",\"name\":\"CS21nextnet s.r.o.\",\"description\":\"Outsourcing ICT slu\u017eeb, Syst\u00e9mov\u00e9 integrace, Datov\u00e9 s\u00edt\u011b, Prodej software &amp; hardware\",\"potentialAction\":[{\"@type\":\"SearchAction\",\"target\":{\"@type\":\"EntryPoint\",\"urlTemplate\":\"https:\/\/cs21nextnet.cz\/en\/?s={search_term_string}\"},\"query-input\":{\"@type\":\"PropertyValueSpecification\",\"valueRequired\":true,\"valueName\":\"search_term_string\"}}],\"inLanguage\":\"en-US\"}]}<\/script>\n<!-- \/ Yoast SEO plugin. -->","yoast_head_json":{"title":"Outsourcing - CS21nextnet s.r.o.","robots":{"index":"index","follow":"follow","max-snippet":"max-snippet:-1","max-image-preview":"max-image-preview:large","max-video-preview":"max-video-preview:-1"},"canonical":"https:\/\/cs21nextnet.cz\/en\/outsourcing\/","og_locale":"en_US","og_type":"article","og_title":"Outsourcing - CS21nextnet s.r.o.","og_url":"https:\/\/cs21nextnet.cz\/en\/outsourcing\/","og_site_name":"CS21nextnet s.r.o.","article_modified_time":"2022-03-07T10:13:35+00:00","twitter_card":"summary_large_image","twitter_misc":{"Est. reading time":"16 minutes"},"schema":{"@context":"https:\/\/schema.org","@graph":[{"@type":"WebPage","@id":"https:\/\/cs21nextnet.cz\/en\/outsourcing\/","url":"https:\/\/cs21nextnet.cz\/en\/outsourcing\/","name":"Outsourcing - CS21nextnet s.r.o.","isPartOf":{"@id":"https:\/\/cs21nextnet.cz\/en\/#website"},"datePublished":"2022-03-07T10:13:33+00:00","dateModified":"2022-03-07T10:13:35+00:00","inLanguage":"en-US","potentialAction":[{"@type":"ReadAction","target":["https:\/\/cs21nextnet.cz\/en\/outsourcing\/"]}]},{"@type":"WebSite","@id":"https:\/\/cs21nextnet.cz\/en\/#website","url":"https:\/\/cs21nextnet.cz\/en\/","name":"CS21nextnet s.r.o.","description":"Outsourcing ICT slu\u017eeb, Syst\u00e9mov\u00e9 integrace, Datov\u00e9 s\u00edt\u011b, Prodej software &amp; hardware","potentialAction":[{"@type":"SearchAction","target":{"@type":"EntryPoint","urlTemplate":"https:\/\/cs21nextnet.cz\/en\/?s={search_term_string}"},"query-input":{"@type":"PropertyValueSpecification","valueRequired":true,"valueName":"search_term_string"}}],"inLanguage":"en-US"}]}},"_links":{"self":[{"href":"https:\/\/cs21nextnet.cz\/en\/wp-json\/wp\/v2\/pages\/459","targetHints":{"allow":["GET"]}}],"collection":[{"href":"https:\/\/cs21nextnet.cz\/en\/wp-json\/wp\/v2\/pages"}],"about":[{"href":"https:\/\/cs21nextnet.cz\/en\/wp-json\/wp\/v2\/types\/page"}],"author":[{"embeddable":true,"href":"https:\/\/cs21nextnet.cz\/en\/wp-json\/wp\/v2\/users\/4"}],"replies":[{"embeddable":true,"href":"https:\/\/cs21nextnet.cz\/en\/wp-json\/wp\/v2\/comments?post=459"}],"version-history":[{"count":5,"href":"https:\/\/cs21nextnet.cz\/en\/wp-json\/wp\/v2\/pages\/459\/revisions"}],"predecessor-version":[{"id":464,"href":"https:\/\/cs21nextnet.cz\/en\/wp-json\/wp\/v2\/pages\/459\/revisions\/464"}],"wp:attachment":[{"href":"https:\/\/cs21nextnet.cz\/en\/wp-json\/wp\/v2\/media?parent=459"}],"curies":[{"name":"wp","href":"https:\/\/api.w.org\/{rel}","templated":true}]}}