{"id":456,"date":"2022-03-07T10:57:34","date_gmt":"2022-03-07T09:57:34","guid":{"rendered":"http:\/\/cs21nextnet.cz\/sales-of-software-hardware\/"},"modified":"2022-03-07T10:57:34","modified_gmt":"2022-03-07T09:57:34","slug":"sales-of-software-hardware","status":"publish","type":"page","link":"https:\/\/cs21nextnet.cz\/en\/sales-of-software-hardware\/","title":{"rendered":"Sales of software &amp; hardware"},"content":{"rendered":"<div class=\"fusion-fullwidth fullwidth-box fusion-builder-row-1 fusion-flex-container nonhundred-percent-fullwidth non-hundred-percent-height-scrolling\" style=\"--awb-border-radius-top-left:0px;--awb-border-radius-top-right:0px;--awb-border-radius-bottom-right:0px;--awb-border-radius-bottom-left:0px;--awb-padding-top:5rem;--awb-padding-bottom:3.75rem;--awb-flex-wrap:wrap;\" ><div class=\"fusion-builder-row fusion-row fusion-flex-align-items-stretch fusion-flex-justify-content-flex-end fusion-flex-content-wrap\" style=\"max-width:1248px;margin-left: calc(-4% \/ 2 );margin-right: calc(-4% \/ 2 );\"><div class=\"fusion-layout-column fusion_builder_column fusion-builder-column-0 fusion_builder_column_1_1 1_1 fusion-flex-column\" style=\"--awb-bg-size:cover;--awb-width-large:100%;--awb-margin-top-large:0px;--awb-spacing-right-large:1.92%;--awb-margin-bottom-large:20px;--awb-spacing-left-large:1.92%;--awb-width-medium:100%;--awb-order-medium:0;--awb-spacing-right-medium:1.92%;--awb-spacing-left-medium:1.92%;--awb-width-small:100%;--awb-order-small:0;--awb-spacing-right-small:1.92%;--awb-spacing-left-small:1.92%;\"><div class=\"fusion-column-wrapper fusion-column-has-shadow fusion-flex-justify-content-center fusion-content-layout-column\"><div class=\"fusion-text fusion-text-1 fusion-text-no-margin\" style=\"--awb-text-transform:none;--awb-margin-bottom:50px;\"><p>For <strong>20 years<\/strong> we have been an important<strong> business partner of global manufacturers <\/strong> and<strong>suppliers<\/strong> of hardware<br \/>\nand software products and technologies. Thanks to this long-term cooperation, we are able to offer our clients <strong>products of leading brands at competitive prices.<\/strong><\/p>\n<p><strong>Our partners include:<\/strong><\/p>\n<p>Dell, HP, Fujitsu, Brother, APC, Microsoft, ESET, Adobe, Acronis, Fortinet and many others.<\/p>\n<\/div><div class=\"awb-gallery-wrapper awb-gallery-wrapper-1 button-span-no\"><div style=\"margin:-10px;--awb-bordersize:0px;\" class=\"fusion-gallery fusion-gallery-container fusion-grid-5 fusion-columns-total-10 fusion-gallery-layout-grid fusion-gallery-1 logaGal\"><div style=\"padding:10px;\" class=\"fusion-grid-column fusion-gallery-column fusion-gallery-column-5 hover-type-none\"><div class=\"fusion-gallery-image\"><img decoding=\"async\" src=\"https:\/\/cs21nextnet.cz\/wp-content\/uploads\/2022\/02\/dell.png\" width=\"460\" height=\"301\" alt=\"\" title=\"dell\" aria-label=\"dell\" class=\"img-responsive wp-image-314\" srcset=\"https:\/\/cs21nextnet.cz\/wp-content\/uploads\/2022\/02\/dell-200x131.png 200w, https:\/\/cs21nextnet.cz\/wp-content\/uploads\/2022\/02\/dell-400x262.png 400w, https:\/\/cs21nextnet.cz\/wp-content\/uploads\/2022\/02\/dell.png 460w\" sizes=\"(min-width: 2200px) 100vw, (min-width: 928px) 232px, (min-width: 856px) 290px, (min-width: 784px) 387px, (min-width: 712px) 580px, (min-width: 640px) 712px, \" \/><\/div><\/div><div style=\"padding:10px;\" class=\"fusion-grid-column fusion-gallery-column fusion-gallery-column-5 hover-type-none\"><div class=\"fusion-gallery-image\"><img decoding=\"async\" src=\"https:\/\/cs21nextnet.cz\/wp-content\/uploads\/2022\/02\/hp.png\" width=\"460\" height=\"301\" alt=\"\" title=\"hp\" aria-label=\"hp\" class=\"img-responsive wp-image-318\" srcset=\"https:\/\/cs21nextnet.cz\/wp-content\/uploads\/2022\/02\/hp-200x131.png 200w, https:\/\/cs21nextnet.cz\/wp-content\/uploads\/2022\/02\/hp-400x262.png 400w, https:\/\/cs21nextnet.cz\/wp-content\/uploads\/2022\/02\/hp.png 460w\" sizes=\"(min-width: 2200px) 100vw, (min-width: 928px) 232px, (min-width: 856px) 290px, (min-width: 784px) 387px, (min-width: 712px) 580px, (min-width: 640px) 712px, \" \/><\/div><\/div><div style=\"padding:10px;\" class=\"fusion-grid-column fusion-gallery-column fusion-gallery-column-5 hover-type-none\"><div class=\"fusion-gallery-image\"><img decoding=\"async\" src=\"https:\/\/cs21nextnet.cz\/wp-content\/uploads\/2022\/02\/fujitsu.png\" width=\"460\" height=\"301\" alt=\"\" title=\"fujitsu\" aria-label=\"fujitsu\" class=\"img-responsive wp-image-317\" srcset=\"https:\/\/cs21nextnet.cz\/wp-content\/uploads\/2022\/02\/fujitsu-200x131.png 200w, https:\/\/cs21nextnet.cz\/wp-content\/uploads\/2022\/02\/fujitsu-400x262.png 400w, https:\/\/cs21nextnet.cz\/wp-content\/uploads\/2022\/02\/fujitsu.png 460w\" sizes=\"(min-width: 2200px) 100vw, (min-width: 928px) 232px, (min-width: 856px) 290px, (min-width: 784px) 387px, (min-width: 712px) 580px, (min-width: 640px) 712px, \" \/><\/div><\/div><div style=\"padding:10px;\" class=\"fusion-grid-column fusion-gallery-column fusion-gallery-column-5 hover-type-none\"><div class=\"fusion-gallery-image\"><img decoding=\"async\" src=\"https:\/\/cs21nextnet.cz\/wp-content\/uploads\/2022\/02\/brother.png\" width=\"460\" height=\"301\" alt=\"\" title=\"brother\" aria-label=\"brother\" class=\"img-responsive wp-image-313\" srcset=\"https:\/\/cs21nextnet.cz\/wp-content\/uploads\/2022\/02\/brother-200x131.png 200w, https:\/\/cs21nextnet.cz\/wp-content\/uploads\/2022\/02\/brother-400x262.png 400w, https:\/\/cs21nextnet.cz\/wp-content\/uploads\/2022\/02\/brother.png 460w\" sizes=\"(min-width: 2200px) 100vw, (min-width: 928px) 232px, (min-width: 856px) 290px, (min-width: 784px) 387px, (min-width: 712px) 580px, (min-width: 640px) 712px, \" \/><\/div><\/div><div style=\"padding:10px;\" class=\"fusion-grid-column fusion-gallery-column fusion-gallery-column-5 hover-type-none\"><div class=\"fusion-gallery-image\"><img decoding=\"async\" src=\"https:\/\/cs21nextnet.cz\/wp-content\/uploads\/2022\/02\/microsoft.png\" width=\"460\" height=\"301\" alt=\"\" title=\"microsoft\" aria-label=\"microsoft\" class=\"img-responsive wp-image-319\" srcset=\"https:\/\/cs21nextnet.cz\/wp-content\/uploads\/2022\/02\/microsoft-200x131.png 200w, https:\/\/cs21nextnet.cz\/wp-content\/uploads\/2022\/02\/microsoft-400x262.png 400w, https:\/\/cs21nextnet.cz\/wp-content\/uploads\/2022\/02\/microsoft.png 460w\" sizes=\"(min-width: 2200px) 100vw, (min-width: 928px) 232px, (min-width: 856px) 290px, (min-width: 784px) 387px, (min-width: 712px) 580px, (min-width: 640px) 712px, \" \/><\/div><\/div><div class=\"clearfix\"><\/div><div style=\"padding:10px;\" class=\"fusion-grid-column fusion-gallery-column fusion-gallery-column-5 hover-type-none\"><div class=\"fusion-gallery-image\"><img decoding=\"async\" src=\"https:\/\/cs21nextnet.cz\/wp-content\/uploads\/2022\/02\/acronis.png\" width=\"460\" height=\"301\" alt=\"\" title=\"acronis\" aria-label=\"acronis\" class=\"img-responsive wp-image-310\" srcset=\"https:\/\/cs21nextnet.cz\/wp-content\/uploads\/2022\/02\/acronis-200x131.png 200w, https:\/\/cs21nextnet.cz\/wp-content\/uploads\/2022\/02\/acronis-400x262.png 400w, https:\/\/cs21nextnet.cz\/wp-content\/uploads\/2022\/02\/acronis.png 460w\" sizes=\"(min-width: 2200px) 100vw, (min-width: 928px) 232px, (min-width: 856px) 290px, (min-width: 784px) 387px, (min-width: 712px) 580px, (min-width: 640px) 712px, \" \/><\/div><\/div><div style=\"padding:10px;\" class=\"fusion-grid-column fusion-gallery-column fusion-gallery-column-5 hover-type-none\"><div class=\"fusion-gallery-image\"><img decoding=\"async\" src=\"https:\/\/cs21nextnet.cz\/wp-content\/uploads\/2022\/02\/fortinet.png\" width=\"460\" height=\"301\" alt=\"\" title=\"fortinet\" aria-label=\"fortinet\" class=\"img-responsive wp-image-316\" srcset=\"https:\/\/cs21nextnet.cz\/wp-content\/uploads\/2022\/02\/fortinet-200x131.png 200w, https:\/\/cs21nextnet.cz\/wp-content\/uploads\/2022\/02\/fortinet-400x262.png 400w, https:\/\/cs21nextnet.cz\/wp-content\/uploads\/2022\/02\/fortinet.png 460w\" sizes=\"(min-width: 2200px) 100vw, (min-width: 928px) 232px, (min-width: 856px) 290px, (min-width: 784px) 387px, (min-width: 712px) 580px, (min-width: 640px) 712px, \" \/><\/div><\/div><div style=\"padding:10px;\" class=\"fusion-grid-column fusion-gallery-column fusion-gallery-column-5 hover-type-none\"><div class=\"fusion-gallery-image\"><img decoding=\"async\" src=\"https:\/\/cs21nextnet.cz\/wp-content\/uploads\/2022\/02\/eset.png\" width=\"460\" height=\"301\" alt=\"\" title=\"eset\" aria-label=\"eset\" class=\"img-responsive wp-image-315\" srcset=\"https:\/\/cs21nextnet.cz\/wp-content\/uploads\/2022\/02\/eset-200x131.png 200w, https:\/\/cs21nextnet.cz\/wp-content\/uploads\/2022\/02\/eset-400x262.png 400w, https:\/\/cs21nextnet.cz\/wp-content\/uploads\/2022\/02\/eset.png 460w\" sizes=\"(min-width: 2200px) 100vw, (min-width: 928px) 232px, (min-width: 856px) 290px, (min-width: 784px) 387px, (min-width: 712px) 580px, (min-width: 640px) 712px, \" \/><\/div><\/div><div style=\"padding:10px;\" class=\"fusion-grid-column fusion-gallery-column fusion-gallery-column-5 hover-type-none\"><div class=\"fusion-gallery-image\"><img decoding=\"async\" src=\"https:\/\/cs21nextnet.cz\/wp-content\/uploads\/2022\/02\/adobe.png\" width=\"460\" height=\"301\" alt=\"\" title=\"adobe\" aria-label=\"adobe\" class=\"img-responsive wp-image-311\" srcset=\"https:\/\/cs21nextnet.cz\/wp-content\/uploads\/2022\/02\/adobe-200x131.png 200w, https:\/\/cs21nextnet.cz\/wp-content\/uploads\/2022\/02\/adobe-400x262.png 400w, https:\/\/cs21nextnet.cz\/wp-content\/uploads\/2022\/02\/adobe.png 460w\" sizes=\"(min-width: 2200px) 100vw, (min-width: 928px) 232px, (min-width: 856px) 290px, (min-width: 784px) 387px, (min-width: 712px) 580px, (min-width: 640px) 712px, \" \/><\/div><\/div><div style=\"padding:10px;\" class=\"fusion-grid-column fusion-gallery-column fusion-gallery-column-5 hover-type-none\"><div class=\"fusion-gallery-image\"><img decoding=\"async\" src=\"https:\/\/cs21nextnet.cz\/wp-content\/uploads\/2022\/02\/apc.png\" width=\"460\" height=\"301\" alt=\"\" title=\"apc\" aria-label=\"apc\" class=\"img-responsive wp-image-312\" srcset=\"https:\/\/cs21nextnet.cz\/wp-content\/uploads\/2022\/02\/apc-200x131.png 200w, https:\/\/cs21nextnet.cz\/wp-content\/uploads\/2022\/02\/apc-400x262.png 400w, https:\/\/cs21nextnet.cz\/wp-content\/uploads\/2022\/02\/apc.png 460w\" sizes=\"(min-width: 2200px) 100vw, (min-width: 928px) 232px, (min-width: 856px) 290px, (min-width: 784px) 387px, (min-width: 712px) 580px, (min-width: 640px) 712px, \" \/><\/div><\/div><div class=\"clearfix\"><\/div><\/div><\/div>\n<\/div><\/div><\/div><\/div>\n","protected":false},"excerpt":{"rendered":"","protected":false},"author":4,"featured_media":0,"parent":0,"menu_order":0,"comment_status":"closed","ping_status":"closed","template":"100-width.php","meta":{"footnotes":""},"class_list":["post-456","page","type-page","status-publish","hentry"],"yoast_head":"<!-- This site is optimized with the Yoast SEO plugin v25.2 - https:\/\/yoast.com\/wordpress\/plugins\/seo\/ -->\n<title>Sales of software &amp; hardware - CS21nextnet s.r.o.<\/title>\n<meta name=\"robots\" content=\"index, follow, max-snippet:-1, max-image-preview:large, max-video-preview:-1\" \/>\n<link rel=\"canonical\" href=\"https:\/\/cs21nextnet.cz\/en\/sales-of-software-hardware\/\" \/>\n<meta property=\"og:locale\" content=\"en_US\" \/>\n<meta property=\"og:type\" content=\"article\" \/>\n<meta property=\"og:title\" content=\"Sales of software &amp; hardware - CS21nextnet s.r.o.\" \/>\n<meta property=\"og:url\" content=\"https:\/\/cs21nextnet.cz\/en\/sales-of-software-hardware\/\" \/>\n<meta property=\"og:site_name\" content=\"CS21nextnet s.r.o.\" \/>\n<meta name=\"twitter:card\" content=\"summary_large_image\" \/>\n<meta name=\"twitter:label1\" content=\"Est. reading time\" \/>\n\t<meta name=\"twitter:data1\" content=\"4 minutes\" \/>\n<script type=\"application\/ld+json\" class=\"yoast-schema-graph\">{\"@context\":\"https:\/\/schema.org\",\"@graph\":[{\"@type\":\"WebPage\",\"@id\":\"https:\/\/cs21nextnet.cz\/en\/sales-of-software-hardware\/\",\"url\":\"https:\/\/cs21nextnet.cz\/en\/sales-of-software-hardware\/\",\"name\":\"Sales of software &amp; hardware - CS21nextnet s.r.o.\",\"isPartOf\":{\"@id\":\"https:\/\/cs21nextnet.cz\/en\/#website\"},\"datePublished\":\"2022-03-07T09:57:34+00:00\",\"inLanguage\":\"en-US\",\"potentialAction\":[{\"@type\":\"ReadAction\",\"target\":[\"https:\/\/cs21nextnet.cz\/en\/sales-of-software-hardware\/\"]}]},{\"@type\":\"WebSite\",\"@id\":\"https:\/\/cs21nextnet.cz\/en\/#website\",\"url\":\"https:\/\/cs21nextnet.cz\/en\/\",\"name\":\"CS21nextnet s.r.o.\",\"description\":\"Outsourcing ICT slu\u017eeb, Syst\u00e9mov\u00e9 integrace, Datov\u00e9 s\u00edt\u011b, Prodej software &amp; hardware\",\"potentialAction\":[{\"@type\":\"SearchAction\",\"target\":{\"@type\":\"EntryPoint\",\"urlTemplate\":\"https:\/\/cs21nextnet.cz\/en\/?s={search_term_string}\"},\"query-input\":{\"@type\":\"PropertyValueSpecification\",\"valueRequired\":true,\"valueName\":\"search_term_string\"}}],\"inLanguage\":\"en-US\"}]}<\/script>\n<!-- \/ Yoast SEO plugin. -->","yoast_head_json":{"title":"Sales of software &amp; hardware - CS21nextnet s.r.o.","robots":{"index":"index","follow":"follow","max-snippet":"max-snippet:-1","max-image-preview":"max-image-preview:large","max-video-preview":"max-video-preview:-1"},"canonical":"https:\/\/cs21nextnet.cz\/en\/sales-of-software-hardware\/","og_locale":"en_US","og_type":"article","og_title":"Sales of software &amp; hardware - CS21nextnet s.r.o.","og_url":"https:\/\/cs21nextnet.cz\/en\/sales-of-software-hardware\/","og_site_name":"CS21nextnet s.r.o.","twitter_card":"summary_large_image","twitter_misc":{"Est. reading time":"4 minutes"},"schema":{"@context":"https:\/\/schema.org","@graph":[{"@type":"WebPage","@id":"https:\/\/cs21nextnet.cz\/en\/sales-of-software-hardware\/","url":"https:\/\/cs21nextnet.cz\/en\/sales-of-software-hardware\/","name":"Sales of software &amp; hardware - CS21nextnet s.r.o.","isPartOf":{"@id":"https:\/\/cs21nextnet.cz\/en\/#website"},"datePublished":"2022-03-07T09:57:34+00:00","inLanguage":"en-US","potentialAction":[{"@type":"ReadAction","target":["https:\/\/cs21nextnet.cz\/en\/sales-of-software-hardware\/"]}]},{"@type":"WebSite","@id":"https:\/\/cs21nextnet.cz\/en\/#website","url":"https:\/\/cs21nextnet.cz\/en\/","name":"CS21nextnet s.r.o.","description":"Outsourcing ICT slu\u017eeb, Syst\u00e9mov\u00e9 integrace, Datov\u00e9 s\u00edt\u011b, Prodej software &amp; hardware","potentialAction":[{"@type":"SearchAction","target":{"@type":"EntryPoint","urlTemplate":"https:\/\/cs21nextnet.cz\/en\/?s={search_term_string}"},"query-input":{"@type":"PropertyValueSpecification","valueRequired":true,"valueName":"search_term_string"}}],"inLanguage":"en-US"}]}},"_links":{"self":[{"href":"https:\/\/cs21nextnet.cz\/en\/wp-json\/wp\/v2\/pages\/456","targetHints":{"allow":["GET"]}}],"collection":[{"href":"https:\/\/cs21nextnet.cz\/en\/wp-json\/wp\/v2\/pages"}],"about":[{"href":"https:\/\/cs21nextnet.cz\/en\/wp-json\/wp\/v2\/types\/page"}],"author":[{"embeddable":true,"href":"https:\/\/cs21nextnet.cz\/en\/wp-json\/wp\/v2\/users\/4"}],"replies":[{"embeddable":true,"href":"https:\/\/cs21nextnet.cz\/en\/wp-json\/wp\/v2\/comments?post=456"}],"version-history":[{"count":2,"href":"https:\/\/cs21nextnet.cz\/en\/wp-json\/wp\/v2\/pages\/456\/revisions"}],"predecessor-version":[{"id":458,"href":"https:\/\/cs21nextnet.cz\/en\/wp-json\/wp\/v2\/pages\/456\/revisions\/458"}],"wp:attachment":[{"href":"https:\/\/cs21nextnet.cz\/en\/wp-json\/wp\/v2\/media?parent=456"}],"curies":[{"name":"wp","href":"https:\/\/api.w.org\/{rel}","templated":true}]}}